{"id":9,"date":"2020-04-28T13:40:44","date_gmt":"2020-04-28T11:40:44","guid":{"rendered":"https:\/\/danielgreenart.com\/?page_id=9"},"modified":"2020-06-14T11:29:52","modified_gmt":"2020-06-14T09:29:52","slug":"about-me","status":"publish","type":"page","link":"https:\/\/danielgreenart.com\/fr\/about-me\/","title":{"rendered":"Biographie"},"content":{"rendered":"<div data-elementor-type=\"wp-page\" data-elementor-id=\"9\" class=\"elementor elementor-9\">\n\t\t\t\t\t\t<section class=\"elementor-section elementor-top-section elementor-element elementor-element-86849f0 elementor-section-full_width elementor-section-height-min-height elementor-hidden-phone elementor-section-height-default elementor-section-items-middle\" data-id=\"86849f0\" data-element_type=\"section\" data-e-type=\"section\" data-settings=\"{&quot;background_background&quot;:&quot;classic&quot;}\">\n\t\t\t\t\t\t<div class=\"elementor-container elementor-column-gap-default\">\n\t\t\t\t\t<div class=\"elementor-column elementor-col-100 elementor-top-column elementor-element elementor-element-b54b217\" data-id=\"b54b217\" data-element_type=\"column\" data-e-type=\"column\">\n\t\t\t<div class=\"elementor-widget-wrap\">\n\t\t\t\t\t\t\t<\/div>\n\t\t<\/div>\n\t\t\t\t\t<\/div>\n\t\t<\/section>\n\t\t\t\t<section class=\"elementor-section elementor-top-section elementor-element elementor-element-766e120 elementor-section-boxed elementor-section-height-default elementor-section-height-default\" data-id=\"766e120\" data-element_type=\"section\" data-e-type=\"section\">\n\t\t\t\t\t\t<div class=\"elementor-container elementor-column-gap-default\">\n\t\t\t\t\t<div class=\"elementor-column elementor-col-33 elementor-top-column elementor-element elementor-element-a671d21\" data-id=\"a671d21\" data-element_type=\"column\" data-e-type=\"column\">\n\t\t\t<div class=\"elementor-widget-wrap elementor-element-populated\">\n\t\t\t\t\t\t<div class=\"elementor-element elementor-element-49c905d elementor-widget elementor-widget-image\" data-id=\"49c905d\" data-element_type=\"widget\" data-e-type=\"widget\" data-widget_type=\"image.default\">\n\t\t\t\t<div class=\"elementor-widget-container\">\n\t\t\t\t\t\t\t\t\t\t\t\t\t\t\t\t<a href=\"https:\/\/danielgreenart.com\/wp-content\/uploads\/2020\/05\/daniel-green-about-on-stool.jpg\" data-elementor-open-lightbox=\"yes\" data-elementor-lightbox-title=\"daniel-green-about-on-stool\" data-e-action-hash=\"#elementor-action%3Aaction%3Dlightbox%26settings%3DeyJpZCI6MzQ0LCJ1cmwiOiJodHRwczpcL1wvZGFuaWVsZ3JlZW5hcnQuY29tXC93cC1jb250ZW50XC91cGxvYWRzXC8yMDIwXC8wNVwvZGFuaWVsLWdyZWVuLWFib3V0LW9uLXN0b29sLmpwZyJ9\">\n\t\t\t\t\t\t\t<img fetchpriority=\"high\" decoding=\"async\" width=\"777\" height=\"1024\" src=\"https:\/\/danielgreenart.com\/wp-content\/uploads\/2020\/05\/daniel-green-about-on-stool-777x1024.jpg\" class=\"attachment-large size-large wp-image-344\" alt=\"daniel-green-about-on-stool\" srcset=\"https:\/\/danielgreenart.com\/wp-content\/uploads\/2020\/05\/daniel-green-about-on-stool-777x1024.jpg 777w, https:\/\/danielgreenart.com\/wp-content\/uploads\/2020\/05\/daniel-green-about-on-stool-228x300.jpg 228w, https:\/\/danielgreenart.com\/wp-content\/uploads\/2020\/05\/daniel-green-about-on-stool-768x1012.jpg 768w, https:\/\/danielgreenart.com\/wp-content\/uploads\/2020\/05\/daniel-green-about-on-stool-600x791.jpg 600w, https:\/\/danielgreenart.com\/wp-content\/uploads\/2020\/05\/daniel-green-about-on-stool.jpg 1138w\" sizes=\"(max-width: 777px) 100vw, 777px\" \/>\t\t\t\t\t\t\t\t<\/a>\n\t\t\t\t\t\t\t\t\t\t\t\t\t\t\t<\/div>\n\t\t\t\t<\/div>\n\t\t\t\t\t<\/div>\n\t\t<\/div>\n\t\t\t\t<div class=\"elementor-column elementor-col-66 elementor-top-column elementor-element elementor-element-dc25623\" data-id=\"dc25623\" data-element_type=\"column\" data-e-type=\"column\">\n\t\t\t<div class=\"elementor-widget-wrap elementor-element-populated\">\n\t\t\t\t\t\t<div class=\"elementor-element elementor-element-d32b4f5 elementor-widget elementor-widget-text-editor\" data-id=\"d32b4f5\" data-element_type=\"widget\" data-e-type=\"widget\" data-widget_type=\"text-editor.default\">\n\t\t\t\t<div class=\"elementor-widget-container\">\n\t\t\t\t\t\t\t\t\t<p>Daniel Green est artiste peintre professionnel qui vit et travaille actuellement dans la petite ville d'Aire-sur-la-Lys, au nord de la France, dans le d\u00e9partement du Pas-de-Calais. Le passage \u00e0 une r\u00e9gion relativement rurale de la France s\u2019est m\u00eal\u00e9 avec une prise de conscience de sa part de la grande vari\u00e9t\u00e9 \u00e9vidente dans le paysage et la nature qui  l\u2019entourait. Tout en ne tournant pas le dos aux autres genres qu'il aime, ses nombreuses promenades dans la campagne aux alentours d\u2019Aire lui ont donn\u00e9 l\u2019id\u00e9e d\u2019explorer les possibilit\u00e9s de repr\u00e9senter la beaut\u00e9 qu'il voyait dans la d\u00e9cr\u00e9pitude de la nature autour de lui, le traitant d'une mani\u00e8re a la fois contemporaine et r\u00e9aliste. Isol\u00e9s de leur environnement naturel, oui, mais uniquement pour que le spectateur puisse s\u2019y concentrer, comme une chose de beaut\u00e9 en soi.<\/p><p>N\u00e9 \u00e0 Bristol, en 1958, apr\u00e8s avoir emm\u00e9nag\u00e9 quand il \u00e9tait encore jeune enfant, dans le Kent, Daniel y a pass\u00e9 la majeure partie de sa vie. Il y a 9 ans il a compl\u00e8tement chang\u00e9 de vie et s\u2019est installer en France. Peignant et dessiner d\u00e8s son plus jeune \u00e2ge, une carri\u00e8re artistique lui \u00e9tait signal\u00e9, mais le destin et la \"vie\" sont intervenus, et ce n'est qu'\u00e0 la fin de sa trentaine qu'il a finalement pu poursuivre la carri\u00e8re artistique qu'il avait toujours souhait\u00e9e.\u00a0<\/p><p>Apr\u00e8s avoir obtenu un BA (Hons) en Histoire de l'Art \u00e0 l'University College de Londres \u00e0 la sortie de l'\u00e9cole, il a ensuite pass\u00e9 les 13 prochaines ann\u00e9es dans la police de Kent, ce qui peut sembler un choix \u00e9trange pour quelqu'un qui souhaite suivre le chemin artistique, mais \u00e7a, c'est une autre histoire!<\/p>\t\t\t\t\t\t\t\t<\/div>\n\t\t\t\t<\/div>\n\t\t\t\t\t<\/div>\n\t\t<\/div>\n\t\t\t\t\t<\/div>\n\t\t<\/section>\n\t\t\t\t<section class=\"elementor-section elementor-top-section elementor-element elementor-element-e01c6a5 elementor-section-boxed elementor-section-height-default elementor-section-height-default\" data-id=\"e01c6a5\" data-element_type=\"section\" data-e-type=\"section\">\n\t\t\t\t\t\t<div class=\"elementor-container elementor-column-gap-default\">\n\t\t\t\t\t<div class=\"elementor-column elementor-col-100 elementor-top-column elementor-element elementor-element-bd44bd8\" data-id=\"bd44bd8\" data-element_type=\"column\" data-e-type=\"column\">\n\t\t\t<div class=\"elementor-widget-wrap elementor-element-populated\">\n\t\t\t\t\t\t<div class=\"elementor-element elementor-element-39719ac elementor-widget elementor-widget-text-editor\" data-id=\"39719ac\" data-element_type=\"widget\" data-e-type=\"widget\" data-widget_type=\"text-editor.default\">\n\t\t\t\t<div class=\"elementor-widget-container\">\n\t\t\t\t\t\t\t\t\t<p>Daniel a finalement pu entreprendre et terminer des \u00e9tudes de Beaux Arts \u2013 un BA (Hons) en Fine Art (au Kent Institute of Art &amp; Design \u00e0 Canterbury) dans les ann\u00e9es 1990. Malgr\u00e9 ce d\u00e9but relativement tardif, il reste convaincu que ces exp\u00e9riences des ann\u00e9es pr\u00e9c\u00e9dentes, dans la police et ailleurs lui ont marqu\u00e9 et ils ont influenc\u00e9 sa pratique artistique. Ses \u00e9tudes dans l'histoire de l'art en particulier ont \u00e9veill\u00e9 en lui un int\u00e9r\u00eat pour le \"comment\", l'art de la peinture, si vous voulez, et il a, au cours de ces 20 derni\u00e8res ann\u00e9es, \u00e9tudi\u00e9 de nombreux trait\u00e9s de peinture et de dessin anciens, ce qui lui  a conduit \u00e0 fabriquer en broyant de pigments, ses propres couleurs, et de combiner vernis et solvants pour fabriquer ses propres m\u00e9diums de peinture et pr\u00e9parer ses propres supports.<\/p><p>Depuis qu'il a obtenu son dipl\u00f4me en beaux-arts en 1999, Daniel a, avec son partenaire a l\u2019\u00e9poque, maintenant sa femme, donn\u00e9 des cours d'art pour adultes comme enfants, sous le nom de \u00ab Novus Studio \u00bb \u00e0 Wateringbury, pr\u00e8s de Maidstone, dans le Kent, des cours qui ont \u00e9t\u00e9 maintenus malgr\u00e9 le d\u00e9m\u00e9nagement en France, conf\u00e9rant \u00e0 la fois ses comp\u00e9tences et son enthousiasme pour l'art.<\/p><p>Daniel a beaucoup expos\u00e9 au Royaume-Uni et ses \u0153uvres se trouve dans des collections priv\u00e9s au Royaume-Uni, ainsi qu'aux \u00c9tats-Unis, au Canada et en Australie.<\/p>\t\t\t\t\t\t\t\t<\/div>\n\t\t\t\t<\/div>\n\t\t\t\t\t<\/div>\n\t\t<\/div>\n\t\t\t\t\t<\/div>\n\t\t<\/section>\n\t\t\t\t<section class=\"elementor-section elementor-top-section elementor-element elementor-element-fdfa2d3 elementor-reverse-mobile elementor-section-boxed elementor-section-height-default elementor-section-height-default\" data-id=\"fdfa2d3\" data-element_type=\"section\" data-e-type=\"section\">\n\t\t\t\t\t\t<div class=\"elementor-container elementor-column-gap-default\">\n\t\t\t\t\t<div class=\"elementor-column elementor-col-50 elementor-top-column elementor-element elementor-element-ced5175\" data-id=\"ced5175\" data-element_type=\"column\" data-e-type=\"column\">\n\t\t\t<div class=\"elementor-widget-wrap elementor-element-populated\">\n\t\t\t\t\t\t<div class=\"elementor-element elementor-element-3b5ccd3 elementor-align-right elementor-mobile-align-center elementor-widget elementor-widget-button\" data-id=\"3b5ccd3\" data-element_type=\"widget\" data-e-type=\"widget\" data-widget_type=\"button.default\">\n\t\t\t\t<div class=\"elementor-widget-container\">\n\t\t\t\t\t\t\t\t\t<div class=\"elementor-button-wrapper\">\n\t\t\t\t\t<a class=\"elementor-button elementor-button-link elementor-size-md\" href=\"https:\/\/danielgreenart.com\/fr\/cv\/\" target=\"_blank\">\n\t\t\t\t\t\t<span class=\"elementor-button-content-wrapper\">\n\t\t\t\t\t\t\t\t\t<span class=\"elementor-button-text\">Trouver Mon C.V. Ici<\/span>\n\t\t\t\t\t<\/span>\n\t\t\t\t\t<\/a>\n\t\t\t\t<\/div>\n\t\t\t\t\t\t\t\t<\/div>\n\t\t\t\t<\/div>\n\t\t\t\t\t<\/div>\n\t\t<\/div>\n\t\t\t\t<div class=\"elementor-column elementor-col-50 elementor-top-column elementor-element elementor-element-6aad66b\" data-id=\"6aad66b\" data-element_type=\"column\" data-e-type=\"column\">\n\t\t\t<div class=\"elementor-widget-wrap elementor-element-populated\">\n\t\t\t\t\t\t<div class=\"elementor-element elementor-element-90de6f8 elementor-mobile-align-center elementor-widget elementor-widget-button\" data-id=\"90de6f8\" data-element_type=\"widget\" data-e-type=\"widget\" data-widget_type=\"button.default\">\n\t\t\t\t<div class=\"elementor-widget-container\">\n\t\t\t\t\t\t\t\t\t<div class=\"elementor-button-wrapper\">\n\t\t\t\t\t<a class=\"elementor-button elementor-button-link elementor-size-md\" href=\"https:\/\/danielgreenart.com\/fr\/artists-statement\/\" target=\"_blank\">\n\t\t\t\t\t\t<span class=\"elementor-button-content-wrapper\">\n\t\t\t\t\t\t\t\t\t<span class=\"elementor-button-text\">D\u00e9claration d'Artiste<\/span>\n\t\t\t\t\t<\/span>\n\t\t\t\t\t<\/a>\n\t\t\t\t<\/div>\n\t\t\t\t\t\t\t\t<\/div>\n\t\t\t\t<\/div>\n\t\t\t\t\t<\/div>\n\t\t<\/div>\n\t\t\t\t\t<\/div>\n\t\t<\/section>\n\t\t\t\t<\/div>","protected":false},"excerpt":{"rendered":"<p>Daniel Green is a professional artist currently living and working in the small northern French town of Aire-sur-la-Lys, in the Pas-de-Calais D\u00e9partement. The move to a relatively rural area of France has coincided with an awareness of the great variety evident in the landscape and in nature. While not turning his back on other genres &hellip;<\/p>\n<p class=\"read-more\"> <a class=\"\" href=\"https:\/\/danielgreenart.com\/fr\/about-me\/\"> <span class=\"screen-reader-text\">Biographie<\/span> Lire la suite\u00a0\u00bb<\/a><\/p>","protected":false},"author":2,"featured_media":0,"parent":0,"menu_order":2,"comment_status":"closed","ping_status":"closed","template":"","meta":{"om_disable_all_campaigns":false,"_uag_custom_page_level_css":"","_monsterinsights_skip_tracking":false,"_monsterinsights_sitenote_active":false,"_monsterinsights_sitenote_note":"","_monsterinsights_sitenote_category":0,"site-sidebar-layout":"no-sidebar","site-content-layout":"page-builder","ast-site-content-layout":"","site-content-style":"default","site-sidebar-style":"default","ast-global-header-display":"","ast-banner-title-visibility":"","ast-main-header-display":"","ast-hfb-above-header-display":"","ast-hfb-below-header-display":"","ast-hfb-mobile-header-display":"","site-post-title":"disabled","ast-breadcrumbs-content":"","ast-featured-img":"disabled","footer-sml-layout":"","theme-transparent-header-meta":"default","adv-header-id-meta":"","stick-header-meta":"","header-above-stick-meta":"","header-main-stick-meta":"","header-below-stick-meta":"","astra-migrate-meta-layouts":"","footnotes":""},"folder":[],"class_list":["post-9","page","type-page","status-publish","hentry"],"uagb_featured_image_src":{"full":false,"thumbnail":false,"medium":false,"medium_large":false,"large":false,"1536x1536":false,"2048x2048":false,"trp-custom-language-flag":false},"uagb_author_info":{"display_name":"Daniel Green","author_link":"https:\/\/danielgreenart.com\/fr\/author\/dan\/"},"uagb_comment_info":0,"uagb_excerpt":"Daniel Green is a professional artist currently living and working in the small northern French town of Aire-sur-la-Lys, in the Pas-de-Calais D\u00e9partement. The move to a relatively rural area of France has coincided with an awareness of the great variety evident in the landscape and in nature. While not turning his back on other genres\u2026","jetpack_sharing_enabled":true,"_links":{"self":[{"href":"https:\/\/danielgreenart.com\/fr\/wp-json\/wp\/v2\/pages\/9","targetHints":{"allow":["GET"]}}],"collection":[{"href":"https:\/\/danielgreenart.com\/fr\/wp-json\/wp\/v2\/pages"}],"about":[{"href":"https:\/\/danielgreenart.com\/fr\/wp-json\/wp\/v2\/types\/page"}],"author":[{"embeddable":true,"href":"https:\/\/danielgreenart.com\/fr\/wp-json\/wp\/v2\/users\/2"}],"replies":[{"embeddable":true,"href":"https:\/\/danielgreenart.com\/fr\/wp-json\/wp\/v2\/comments?post=9"}],"version-history":[{"count":5,"href":"https:\/\/danielgreenart.com\/fr\/wp-json\/wp\/v2\/pages\/9\/revisions"}],"predecessor-version":[{"id":772,"href":"https:\/\/danielgreenart.com\/fr\/wp-json\/wp\/v2\/pages\/9\/revisions\/772"}],"wp:attachment":[{"href":"https:\/\/danielgreenart.com\/fr\/wp-json\/wp\/v2\/media?parent=9"}],"wp:term":[{"taxonomy":"folder","embeddable":true,"href":"https:\/\/danielgreenart.com\/fr\/wp-json\/wp\/v2\/folder?post=9"}],"curies":[{"name":"wp","href":"https:\/\/api.w.org\/{rel}","templated":true}]}}