{"id":321,"date":"2020-05-16T10:26:50","date_gmt":"2020-05-16T08:26:50","guid":{"rendered":"https:\/\/danielgreenart.com\/?page_id=321"},"modified":"2020-05-23T17:04:27","modified_gmt":"2020-05-23T15:04:27","slug":"artists-statement","status":"publish","type":"page","link":"https:\/\/danielgreenart.com\/fr\/artists-statement\/","title":{"rendered":"Artist&#8217;s Statement"},"content":{"rendered":"<div data-elementor-type=\"wp-page\" data-elementor-id=\"321\" class=\"elementor elementor-321\">\n\t\t\t\t\t\t<section class=\"elementor-section elementor-top-section elementor-element elementor-element-1888833 elementor-section-boxed elementor-section-height-default elementor-section-height-default\" data-id=\"1888833\" data-element_type=\"section\" data-e-type=\"section\">\n\t\t\t\t\t\t<div class=\"elementor-container elementor-column-gap-default\">\n\t\t\t\t\t<div class=\"elementor-column elementor-col-100 elementor-top-column elementor-element elementor-element-e237de4\" data-id=\"e237de4\" data-element_type=\"column\" data-e-type=\"column\">\n\t\t\t<div class=\"elementor-widget-wrap elementor-element-populated\">\n\t\t\t\t\t\t<div class=\"elementor-element elementor-element-5fc43b4 elementor-widget elementor-widget-heading\" data-id=\"5fc43b4\" data-element_type=\"widget\" data-e-type=\"widget\" data-widget_type=\"heading.default\">\n\t\t\t\t<div class=\"elementor-widget-container\">\n\t\t\t\t\t<h2 class=\"elementor-heading-title elementor-size-default\">D\u00e9claration d'Artiste<\/h2>\t\t\t\t<\/div>\n\t\t\t\t<\/div>\n\t\t\t\t\t<\/div>\n\t\t<\/div>\n\t\t\t\t\t<\/div>\n\t\t<\/section>\n\t\t\t\t<section class=\"elementor-section elementor-top-section elementor-element elementor-element-c3a02b1 elementor-section-boxed elementor-section-height-default elementor-section-height-default\" data-id=\"c3a02b1\" data-element_type=\"section\" data-e-type=\"section\">\n\t\t\t\t\t\t<div class=\"elementor-container elementor-column-gap-default\">\n\t\t\t\t\t<div class=\"elementor-column elementor-col-33 elementor-top-column elementor-element elementor-element-1e70630\" data-id=\"1e70630\" data-element_type=\"column\" data-e-type=\"column\">\n\t\t\t<div class=\"elementor-widget-wrap elementor-element-populated\">\n\t\t\t\t\t\t<div class=\"elementor-element elementor-element-5770abc elementor-widget elementor-widget-image\" data-id=\"5770abc\" data-element_type=\"widget\" data-e-type=\"widget\" data-widget_type=\"image.default\">\n\t\t\t\t<div class=\"elementor-widget-container\">\n\t\t\t\t\t\t\t\t\t\t\t\t\t\t\t<img fetchpriority=\"high\" decoding=\"async\" width=\"777\" height=\"1000\" src=\"https:\/\/danielgreenart.com\/wp-content\/uploads\/2020\/05\/daniel-green-grinding-pigment.jpg\" class=\"attachment-large size-large wp-image-335\" alt=\"\" srcset=\"https:\/\/danielgreenart.com\/wp-content\/uploads\/2020\/05\/daniel-green-grinding-pigment.jpg 777w, https:\/\/danielgreenart.com\/wp-content\/uploads\/2020\/05\/daniel-green-grinding-pigment-233x300.jpg 233w, https:\/\/danielgreenart.com\/wp-content\/uploads\/2020\/05\/daniel-green-grinding-pigment-768x988.jpg 768w, https:\/\/danielgreenart.com\/wp-content\/uploads\/2020\/05\/daniel-green-grinding-pigment-600x772.jpg 600w\" sizes=\"(max-width: 777px) 100vw, 777px\" \/>\t\t\t\t\t\t\t\t\t\t\t\t\t\t\t<\/div>\n\t\t\t\t<\/div>\n\t\t\t\t\t<\/div>\n\t\t<\/div>\n\t\t\t\t<div class=\"elementor-column elementor-col-66 elementor-top-column elementor-element elementor-element-af2852e\" data-id=\"af2852e\" data-element_type=\"column\" data-e-type=\"column\">\n\t\t\t<div class=\"elementor-widget-wrap elementor-element-populated\">\n\t\t\t\t\t\t<div class=\"elementor-element elementor-element-c74e36d elementor-widget elementor-widget-text-editor\" data-id=\"c74e36d\" data-element_type=\"widget\" data-e-type=\"widget\" data-widget_type=\"text-editor.default\">\n\t\t\t\t<div class=\"elementor-widget-container\">\n\t\t\t\t\t\t\t\t\t<p>Mes int\u00e9r\u00eats sont tr\u00e8s vari\u00e9s et je n'aime pas l'id\u00e9e d'\u00eatre limit\u00e9 \u00e0 un sujet particulier seul. Malgr\u00e9 cela, la chose qui est constante dans ma pratique professionnelle c\u2019est l'amour des techniques traditionnelles de peinture \u00e0 l'huile, le c\u00f4t\u00e9 artisanal de la peinture si vous voulez, avec en particulier une r\u00e9f\u00e9rence particulier aux ma\u00eetres de la Renaissance du Nord. Cela m'entraine souvent \u00e0  rechercher d'anciens trait\u00e9s (et certains pas si anciens!) et d'essayer de vieilles recettes de fabrication de couleurs et de m\u00e9diums pour trouver celles qui me conviennent. Des essais qui m'a amen\u00e9 \u00e0 acqu\u00e9rir une connaissance intime des mat\u00e9riaux avec lesquels je travaille et m'a donn\u00e9 une plus grande ma\u00eetrise du processus de mon peinture.\u00a0<\/p>\t\t\t\t\t\t\t\t<\/div>\n\t\t\t\t<\/div>\n\t\t\t\t\t<\/div>\n\t\t<\/div>\n\t\t\t\t\t<\/div>\n\t\t<\/section>\n\t\t\t\t<\/div>","protected":false},"excerpt":{"rendered":"<p>Artist&#8217;s Statement My interests are varied and I do not like the idea of being constrained to one particular subject matter. Despite the varied subject matter the one constant in my studio practice is a love of traditional oil painting techniques, the craft side of painting if you will, especially referencing the Northern Renaissance masters. &hellip;<\/p>\n<p class=\"read-more\"> <a class=\"\" href=\"https:\/\/danielgreenart.com\/fr\/artists-statement\/\"> <span class=\"screen-reader-text\">Artist&#8217;s Statement<\/span> Lire la suite\u00a0\u00bb<\/a><\/p>","protected":false},"author":2,"featured_media":0,"parent":0,"menu_order":11,"comment_status":"closed","ping_status":"closed","template":"","meta":{"om_disable_all_campaigns":false,"_uag_custom_page_level_css":"","_monsterinsights_skip_tracking":false,"_monsterinsights_sitenote_active":false,"_monsterinsights_sitenote_note":"","_monsterinsights_sitenote_category":0,"site-sidebar-layout":"no-sidebar","site-content-layout":"page-builder","ast-site-content-layout":"","site-content-style":"default","site-sidebar-style":"default","ast-global-header-display":"","ast-banner-title-visibility":"","ast-main-header-display":"","ast-hfb-above-header-display":"","ast-hfb-below-header-display":"","ast-hfb-mobile-header-display":"","site-post-title":"disabled","ast-breadcrumbs-content":"","ast-featured-img":"disabled","footer-sml-layout":"","theme-transparent-header-meta":"default","adv-header-id-meta":"","stick-header-meta":"","header-above-stick-meta":"","header-main-stick-meta":"","header-below-stick-meta":"","astra-migrate-meta-layouts":"","footnotes":""},"folder":[],"class_list":["post-321","page","type-page","status-publish","hentry"],"uagb_featured_image_src":{"full":false,"thumbnail":false,"medium":false,"medium_large":false,"large":false,"1536x1536":false,"2048x2048":false,"trp-custom-language-flag":false},"uagb_author_info":{"display_name":"Daniel Green","author_link":"https:\/\/danielgreenart.com\/fr\/author\/dan\/"},"uagb_comment_info":0,"uagb_excerpt":"Artist&#8217;s Statement My interests are varied and I do not like the idea of being constrained to one particular subject matter. Despite the varied subject matter the one constant in my studio practice is a love of traditional oil painting techniques, the craft side of painting if you will, especially referencing the Northern Renaissance masters.\u2026","jetpack_sharing_enabled":true,"_links":{"self":[{"href":"https:\/\/danielgreenart.com\/fr\/wp-json\/wp\/v2\/pages\/321","targetHints":{"allow":["GET"]}}],"collection":[{"href":"https:\/\/danielgreenart.com\/fr\/wp-json\/wp\/v2\/pages"}],"about":[{"href":"https:\/\/danielgreenart.com\/fr\/wp-json\/wp\/v2\/types\/page"}],"author":[{"embeddable":true,"href":"https:\/\/danielgreenart.com\/fr\/wp-json\/wp\/v2\/users\/2"}],"replies":[{"embeddable":true,"href":"https:\/\/danielgreenart.com\/fr\/wp-json\/wp\/v2\/comments?post=321"}],"version-history":[{"count":5,"href":"https:\/\/danielgreenart.com\/fr\/wp-json\/wp\/v2\/pages\/321\/revisions"}],"predecessor-version":[{"id":559,"href":"https:\/\/danielgreenart.com\/fr\/wp-json\/wp\/v2\/pages\/321\/revisions\/559"}],"wp:attachment":[{"href":"https:\/\/danielgreenart.com\/fr\/wp-json\/wp\/v2\/media?parent=321"}],"wp:term":[{"taxonomy":"folder","embeddable":true,"href":"https:\/\/danielgreenart.com\/fr\/wp-json\/wp\/v2\/folder?post=321"}],"curies":[{"name":"wp","href":"https:\/\/api.w.org\/{rel}","templated":true}]}}